{"id":24,"date":"2023-12-17T16:17:53","date_gmt":"2023-12-17T19:17:53","guid":{"rendered":"https:\/\/reforj.com.br\/?page_id=24"},"modified":"2023-12-17T17:12:08","modified_gmt":"2023-12-17T20:12:08","slug":"como-fazemos","status":"publish","type":"page","link":"https:\/\/reforj.com.br\/?page_id=24","title":{"rendered":"Como fazemos"},"content":{"rendered":"\t\t<div data-elementor-type=\"wp-page\" data-elementor-id=\"24\" class=\"elementor elementor-24\" data-elementor-post-type=\"page\">\n\t\t\t\t\t\t\t<div data-particle_enable=\"false\" data-particle-mobile-disabled=\"false\" class=\"has_ae_slider elementor-element elementor-element-0ba0516 e-flex e-con-boxed ae-bg-gallery-type-default e-con e-parent\" data-id=\"0ba0516\" data-element_type=\"container\" data-settings=\"{&quot;content_width&quot;:&quot;boxed&quot;}\" data-core-v316-plus=\"true\">\n\t\t\t\t\t<div class=\"e-con-inner\">\n\t\t\t\t<div class=\"elementor-element elementor-element-e818564 elementor-widget elementor-widget-heading\" data-id=\"e818564\" data-element_type=\"widget\" data-widget_type=\"heading.default\">\n\t\t\t\t<div class=\"elementor-widget-container\">\n\t\t\t<style>\/*! elementor - v3.18.0 - 08-12-2023 *\/\n.elementor-heading-title{padding:0;margin:0;line-height:1}.elementor-widget-heading .elementor-heading-title[class*=elementor-size-]>a{color:inherit;font-size:inherit;line-height:inherit}.elementor-widget-heading .elementor-heading-title.elementor-size-small{font-size:15px}.elementor-widget-heading .elementor-heading-title.elementor-size-medium{font-size:19px}.elementor-widget-heading .elementor-heading-title.elementor-size-large{font-size:29px}.elementor-widget-heading .elementor-heading-title.elementor-size-xl{font-size:39px}.elementor-widget-heading .elementor-heading-title.elementor-size-xxl{font-size:59px}<\/style><h2 class=\"elementor-heading-title elementor-size-default\">Como funciona<\/h2>\t\t<\/div>\n\t\t\t\t<\/div>\n\t\t\t\t\t<\/div>\n\t\t\t\t<\/div>\n\t\t<div data-particle_enable=\"false\" data-particle-mobile-disabled=\"false\" class=\"has_ae_slider elementor-element elementor-element-dcd8748 e-flex e-con-boxed ae-bg-gallery-type-default e-con e-parent\" data-id=\"dcd8748\" data-element_type=\"container\" data-settings=\"{&quot;content_width&quot;:&quot;boxed&quot;}\" data-core-v316-plus=\"true\">\n\t\t\t\t\t<div class=\"e-con-inner\">\n\t\t\t\t<div class=\"elementor-element elementor-element-adc0e8f ee-timeline-align--center ee-timeline-align-tablet--left ee-timeline-align-mobile--left ee-timeline-cards-align--top ee-timeline-cards-align-tablet--top ee-timeline-cards-align-mobile--top ee-timeline-animate elementor-widget elementor-widget-timeline\" data-id=\"adc0e8f\" data-element_type=\"widget\" data-settings=\"{&quot;line_location&quot;:{&quot;unit&quot;:&quot;px&quot;,&quot;size&quot;:50,&quot;sizes&quot;:[]}}\" data-widget_type=\"timeline.default\">\n\t\t\t\t<div class=\"elementor-widget-container\">\n\t\t\t<section class=\"ee-timeline ee-timeline--vertical\"><div class=\"ee-timeline__line\">\n\t\t\t<div class=\"ee-timeline__line__inner\"><\/div>\n\t\t<\/div><div class=\"elementor-repeater-item-3784681 ee-timeline__item timeline-item\">\n\t\t\t\t<div class=\"timeline-item__point\"><div class=\"timeline-item__point__text\">1<\/div><\/div>\n\t\t\t\t<div class=\"timeline-item__card-wrapper\">\n\t\t\t\t\t<div class=\"timeline-item__card\">\n\n\t\t\t\t\t\t<div class=\"timeline-item__content-wrapper\"><div class=\"timeline-item__content\"><!-- meta -->\n\t\t<div class=\"timeline-item__meta meta\">\n\t\t\tPrimeiro passo\t\t<\/div><div class=\"timeline-item__content__wysiwyg\">\n\t\t\t\t<h2>Entre em contato<\/h2>\n<p>Entre em contato com e informe sobre a sua necessidade. Nosso time ir\u00e1 avaliar o seu pedido. Se necess\u00e1rio, agendaremos uma visita sem compromisso, para avaliar os detalhes do projeto.<\/p>\t\t\t<\/div>\n\t\t<\/div><\/div><div class=\"timeline-item__card__arrow\"><\/div><\/div>\n\t\t\t\t<\/div>\n\t\t\t\t<div class=\"timeline-item__meta-wrapper\"><!-- meta -->\n\t\t<div class=\"timeline-item__meta meta timeline-item__meta meta\">\n\t\t\tPrimeiro passo\t\t<\/div><\/div>\n\t\t\t<\/div><div class=\"elementor-repeater-item-5787bf9 ee-timeline__item timeline-item\">\n\t\t\t\t<div class=\"timeline-item__point\"><div class=\"timeline-item__point__text\">2<\/div><\/div>\n\t\t\t\t<div class=\"timeline-item__card-wrapper\">\n\t\t\t\t\t<div class=\"timeline-item__card\">\n\n\t\t\t\t\t\t<div class=\"timeline-item__content-wrapper\"><div class=\"timeline-item__content\"><!-- meta -->\n\t\t<div class=\"timeline-item__meta meta\">\n\t\t\tSegundo Passo\t\t<\/div><div class=\"timeline-item__content__wysiwyg\">\n\t\t\t\t<h2>Receba o or\u00e7amento<\/h2>\n<p>Ap\u00f3s an\u00e1lise do seu pedido, voc\u00ea receber\u00e1 um or\u00e7amento detalhado, com todos os servi\u00e7os e materiais necess\u00e1rios para cada etapa do trabalho; al\u00e9m de uma pr\u00e9via de cronograma, para a realiza\u00e7\u00e3o do projeto.<\/p>\t\t\t<\/div>\n\t\t<\/div><\/div><div class=\"timeline-item__card__arrow\"><\/div><\/div>\n\t\t\t\t<\/div>\n\t\t\t\t<div class=\"timeline-item__meta-wrapper\"><!-- meta -->\n\t\t<div class=\"timeline-item__meta meta timeline-item__meta meta\">\n\t\t\tSegundo Passo\t\t<\/div><\/div>\n\t\t\t<\/div><div class=\"elementor-repeater-item-832f69c ee-timeline__item timeline-item\">\n\t\t\t\t<div class=\"timeline-item__point\"><div class=\"timeline-item__point__text\">3<\/div><\/div>\n\t\t\t\t<div class=\"timeline-item__card-wrapper\">\n\t\t\t\t\t<div class=\"timeline-item__card\">\n\n\t\t\t\t\t\t<div class=\"timeline-item__content-wrapper\"><div class=\"timeline-item__content\"><!-- meta -->\n\t\t<div class=\"timeline-item__meta meta\">\n\t\t\tTerceiro passo\t\t<\/div><div class=\"timeline-item__content__wysiwyg\">\n\t\t\t\t<h2>Planejamento<\/h2>\n<p>Com o aceite da proposta, enviaremos o planejamento, prevendo as a\u00e7\u00f5es por etapas, dentro de um cronograma com prazos e entregas<\/p>\t\t\t<\/div>\n\t\t<\/div><\/div><div class=\"timeline-item__card__arrow\"><\/div><\/div>\n\t\t\t\t<\/div>\n\t\t\t\t<div class=\"timeline-item__meta-wrapper\"><!-- meta -->\n\t\t<div class=\"timeline-item__meta meta timeline-item__meta meta\">\n\t\t\tTerceiro passo\t\t<\/div><\/div>\n\t\t\t<\/div><div class=\"elementor-repeater-item-58d91d4 ee-timeline__item timeline-item\">\n\t\t\t\t<div class=\"timeline-item__point\"><div class=\"timeline-item__point__text\">4<\/div><\/div>\n\t\t\t\t<div class=\"timeline-item__card-wrapper\">\n\t\t\t\t\t<div class=\"timeline-item__card\">\n\n\t\t\t\t\t\t<div class=\"timeline-item__content-wrapper\"><div class=\"timeline-item__content\"><!-- meta -->\n\t\t<div class=\"timeline-item__meta meta\">\n\t\t\tQuarto passo\t\t<\/div><div class=\"timeline-item__content__wysiwyg\">\n\t\t\t\t<h2>Materiais<\/h2>\n<p>A compra dos materiais, \u00e9 um servi\u00e7o que est\u00e1 incluso no nosso planejamento. Voc\u00ea receber\u00e1 a presta\u00e7\u00e3o de contas detalhada, com todos os materiais comprados e utilizados em sua obra.<\/p>\t\t\t<\/div>\n\t\t<\/div><\/div><div class=\"timeline-item__card__arrow\"><\/div><\/div>\n\t\t\t\t<\/div>\n\t\t\t\t<div class=\"timeline-item__meta-wrapper\"><!-- meta -->\n\t\t<div class=\"timeline-item__meta meta timeline-item__meta meta\">\n\t\t\tQuarto passo\t\t<\/div><\/div>\n\t\t\t<\/div><div class=\"elementor-repeater-item-66266bd ee-timeline__item timeline-item\">\n\t\t\t\t<div class=\"timeline-item__point\"><div class=\"timeline-item__point__text\">5<\/div><\/div>\n\t\t\t\t<div class=\"timeline-item__card-wrapper\">\n\t\t\t\t\t<div class=\"timeline-item__card\">\n\n\t\t\t\t\t\t<div class=\"timeline-item__content-wrapper\"><div class=\"timeline-item__content\"><!-- meta -->\n\t\t<div class=\"timeline-item__meta meta\">\n\t\t\tQuinto passo\t\t<\/div><div class=\"timeline-item__content__wysiwyg\">\n\t\t\t\t<h2>Execu\u00e7\u00e3o<\/h2>\n<p>Ap\u00f3s o planejamento tra\u00e7ado , iniciaremos a execu\u00e7\u00e3o do trabalho, conforme a previs\u00e3o do cronograma.\u00a0<\/p>\t\t\t<\/div>\n\t\t<\/div><\/div><div class=\"timeline-item__card__arrow\"><\/div><\/div>\n\t\t\t\t<\/div>\n\t\t\t\t<div class=\"timeline-item__meta-wrapper\"><!-- meta -->\n\t\t<div class=\"timeline-item__meta meta timeline-item__meta meta\">\n\t\t\tQuinto passo\t\t<\/div><\/div>\n\t\t\t<\/div><\/section>\t\t<\/div>\n\t\t\t\t<\/div>\n\t\t\t\t\t<\/div>\n\t\t\t\t<\/div>\n\t\t\t\t\t\t\t<\/div>\n\t\t","protected":false},"excerpt":{"rendered":"<p>Como funciona 1 Primeiro passo Entre em contato Entre em contato com e informe sobre a sua necessidade. Nosso time ir\u00e1 avaliar o seu pedido. Se necess\u00e1rio, agendaremos uma visita sem compromisso, para avaliar os detalhes do projeto. Primeiro passo 2 Segundo Passo Receba o or\u00e7amento Ap\u00f3s an\u00e1lise do seu pedido, voc\u00ea receber\u00e1 um or\u00e7amento [&#8230;]\n","protected":false},"author":1,"featured_media":0,"parent":0,"menu_order":0,"comment_status":"closed","ping_status":"closed","template":"elementor_header_footer","meta":{"footnotes":""},"_links":{"self":[{"href":"https:\/\/reforj.com.br\/index.php?rest_route=\/wp\/v2\/pages\/24"}],"collection":[{"href":"https:\/\/reforj.com.br\/index.php?rest_route=\/wp\/v2\/pages"}],"about":[{"href":"https:\/\/reforj.com.br\/index.php?rest_route=\/wp\/v2\/types\/page"}],"author":[{"embeddable":true,"href":"https:\/\/reforj.com.br\/index.php?rest_route=\/wp\/v2\/users\/1"}],"replies":[{"embeddable":true,"href":"https:\/\/reforj.com.br\/index.php?rest_route=%2Fwp%2Fv2%2Fcomments&post=24"}],"version-history":[{"count":13,"href":"https:\/\/reforj.com.br\/index.php?rest_route=\/wp\/v2\/pages\/24\/revisions"}],"predecessor-version":[{"id":61,"href":"https:\/\/reforj.com.br\/index.php?rest_route=\/wp\/v2\/pages\/24\/revisions\/61"}],"wp:attachment":[{"href":"https:\/\/reforj.com.br\/index.php?rest_route=%2Fwp%2Fv2%2Fmedia&parent=24"}],"curies":[{"name":"wp","href":"https:\/\/api.w.org\/{rel}","templated":true}]}}